{"id":7210,"date":"2025-07-18T10:41:22","date_gmt":"2025-07-18T15:41:22","guid":{"rendered":"https:\/\/uvirtual.ucaldas.edu.co\/?page_id=7210"},"modified":"2025-07-22T08:37:18","modified_gmt":"2025-07-22T13:37:18","slug":"educacion-mediada-por-las-tic","status":"publish","type":"page","link":"https:\/\/uvirtual.ucaldas.edu.co\/index.php\/educacion-mediada-por-las-tic\/","title":{"rendered":"Educaci\u00f3n mediada por las TIC"},"content":{"rendered":"\t\t<div data-elementor-type=\"wp-page\" data-elementor-id=\"7210\" class=\"elementor elementor-7210\" data-elementor-post-type=\"page\">\n\t\t\t\t\t\t<section class=\"elementor-section elementor-top-section elementor-element elementor-element-e59c926 elementor-section-full_width elementor-section-height-default elementor-section-height-default\" data-id=\"e59c926\" data-element_type=\"section\">\n\t\t\t\t\t\t<div class=\"elementor-container elementor-column-gap-no\">\n\t\t\t\t\t<div class=\"elementor-column elementor-col-100 elementor-top-column elementor-element elementor-element-ffda8f1\" data-id=\"ffda8f1\" data-element_type=\"column\">\n\t\t\t<div class=\"elementor-widget-wrap elementor-element-populated\">\n\t\t\t\t\r\n\r\n\t\t<div class=\"elementor-element elementor-element-2b31606 elementor-widget elementor-widget-edurabanner\" data-id=\"2b31606\" data-element_type=\"widget\" data-widget_type=\"edurabanner.default\">\n\t\t\t\t<div class=\"elementor-widget-container\">\n\t\t\t<div class=\"th-hero-wrapper hero-3\"><div class=\"hero-slider-2 th-carousel\" data-fade=\"true\" data-slide-show=\"1\" data-md-slide-show=\"1\" data-arrows=\"true\"><div class=\"th-hero-slide\"><div class=\"th-hero-bg\" data-bg-src=\"https:\/\/uvirtual.ucaldas.edu.co\/wp-content\/uploads\/2025\/07\/IM-14-1.png\"><\/div><div class=\"th-hero-bg-overlay\" data-bg-src=\"\"><\/div><div class=\"container\"><div class=\"row align-items-center justify-content-center\"><div class=\"col-lg-12\"><div class=\"hero-style3 text-center\"><span class=\"hero-subtitle th-sub text-white\" data-ani=\"slideinup\" data-ani-delay=\"0.1s\"><br><br><br><br><br><br><br><br><br><br><br><br><br><br><\/span><div class=\"hero-text text-white\" data-ani=\"slideinup\" data-ani-delay=\"0.5s\"><\/div><\/div><\/div><\/div><\/div><\/div><\/div><\/div>\t\t<\/div>\n\t\t\t\t<\/div>\n\t\t\t\t\t<\/div>\n\t\t<\/div>\n\t\t\t\t\t<\/div>\n\t\t<\/section>\n\t\t<div class=\"elementor-element elementor-element-4882f2f e-flex e-con-boxed e-con e-parent\" data-id=\"4882f2f\" data-element_type=\"container\">\n\t\t\t\t\t<div class=\"e-con-inner\">\n\t\t\t\t<div class=\"elementor-element elementor-element-55ee688 elementor-widget elementor-widget-spacer\" data-id=\"55ee688\" data-element_type=\"widget\" data-widget_type=\"spacer.default\">\n\t\t\t\t<div class=\"elementor-widget-container\">\n\t\t\t<style>\/*! elementor - v3.22.0 - 26-06-2024 *\/\n.elementor-column .elementor-spacer-inner{height:var(--spacer-size)}.e-con{--container-widget-width:100%}.e-con-inner>.elementor-widget-spacer,.e-con>.elementor-widget-spacer{width:var(--container-widget-width,var(--spacer-size));--align-self:var(--container-widget-align-self,initial);--flex-shrink:0}.e-con-inner>.elementor-widget-spacer>.elementor-widget-container,.e-con>.elementor-widget-spacer>.elementor-widget-container{height:100%;width:100%}.e-con-inner>.elementor-widget-spacer>.elementor-widget-container>.elementor-spacer,.e-con>.elementor-widget-spacer>.elementor-widget-container>.elementor-spacer{height:100%}.e-con-inner>.elementor-widget-spacer>.elementor-widget-container>.elementor-spacer>.elementor-spacer-inner,.e-con>.elementor-widget-spacer>.elementor-widget-container>.elementor-spacer>.elementor-spacer-inner{height:var(--container-widget-height,var(--spacer-size))}.e-con-inner>.elementor-widget-spacer.elementor-widget-empty,.e-con>.elementor-widget-spacer.elementor-widget-empty{position:relative;min-height:22px;min-width:22px}.e-con-inner>.elementor-widget-spacer.elementor-widget-empty .elementor-widget-empty-icon,.e-con>.elementor-widget-spacer.elementor-widget-empty .elementor-widget-empty-icon{position:absolute;top:0;bottom:0;left:0;right:0;margin:auto;padding:0;width:22px;height:22px}<\/style>\t\t<div class=\"elementor-spacer\">\n\t\t\t<div class=\"elementor-spacer-inner\"><\/div>\n\t\t<\/div>\n\t\t\t\t<\/div>\n\t\t\t\t<\/div>\n\t\t\t\t\t<\/div>\n\t\t\t\t<\/div>\n\t\t<div class=\"elementor-element elementor-element-e6c199f e-flex e-con-boxed e-con e-parent\" data-id=\"e6c199f\" data-element_type=\"container\">\n\t\t\t\t\t<div class=\"e-con-inner\">\n\t\t\t\t<div class=\"elementor-element elementor-element-e009aaa elementor-widget elementor-widget-text-editor\" data-id=\"e009aaa\" data-element_type=\"widget\" data-widget_type=\"text-editor.default\">\n\t\t\t\t<div class=\"elementor-widget-container\">\n\t\t\t<style>\/*! elementor - v3.22.0 - 26-06-2024 *\/\n.elementor-widget-text-editor.elementor-drop-cap-view-stacked .elementor-drop-cap{background-color:#69727d;color:#fff}.elementor-widget-text-editor.elementor-drop-cap-view-framed .elementor-drop-cap{color:#69727d;border:3px solid;background-color:transparent}.elementor-widget-text-editor:not(.elementor-drop-cap-view-default) .elementor-drop-cap{margin-top:8px}.elementor-widget-text-editor:not(.elementor-drop-cap-view-default) .elementor-drop-cap-letter{width:1em;height:1em}.elementor-widget-text-editor .elementor-drop-cap{float:left;text-align:center;line-height:1;font-size:50px}.elementor-widget-text-editor .elementor-drop-cap-letter{display:inline-block}<\/style>\t\t\t\t<p>La Universidad de Caldas ha demostrado especial inter\u00e9s en la incorporaci\u00f3n de las Tecnolog\u00edas y estrategias pedag\u00f3gicas y did\u00e1cticas innovadoras que apoyen los aspectos misionales de la Instituci\u00f3n, haciendo \u00e9nfasis en el componente docente y de extensi\u00f3n. Es as\u00ed como contamos con experiencias significativas tales como:<\/p>\t\t\t\t\t\t<\/div>\n\t\t\t\t<\/div>\n\t\t\t\t\t<\/div>\n\t\t\t\t<\/div>\n\t\t<div class=\"elementor-element elementor-element-a73ac94 e-flex e-con-boxed e-con e-parent\" data-id=\"a73ac94\" data-element_type=\"container\">\n\t\t\t\t\t<div class=\"e-con-inner\">\n\t\t\t\t<div class=\"elementor-element elementor-element-de3a533 elementor-widget elementor-widget-image\" data-id=\"de3a533\" data-element_type=\"widget\" data-widget_type=\"image.default\">\n\t\t\t\t<div class=\"elementor-widget-container\">\n\t\t\t<style>\/*! elementor - v3.22.0 - 26-06-2024 *\/\n.elementor-widget-image{text-align:center}.elementor-widget-image a{display:inline-block}.elementor-widget-image a img[src$=\".svg\"]{width:48px}.elementor-widget-image img{vertical-align:middle;display:inline-block}<\/style>\t\t\t\t\t\t\t\t\t\t<img fetchpriority=\"high\" decoding=\"async\" width=\"751\" height=\"939\" src=\"https:\/\/uvirtual.ucaldas.edu.co\/wp-content\/uploads\/2025\/07\/IM-13-819x1024.png\" class=\"attachment-large size-large wp-image-7220\" alt=\"\" srcset=\"https:\/\/uvirtual.ucaldas.edu.co\/wp-content\/uploads\/2025\/07\/IM-13-819x1024.png 819w, https:\/\/uvirtual.ucaldas.edu.co\/wp-content\/uploads\/2025\/07\/IM-13-240x300.png 240w, https:\/\/uvirtual.ucaldas.edu.co\/wp-content\/uploads\/2025\/07\/IM-13-768x960.png 768w, https:\/\/uvirtual.ucaldas.edu.co\/wp-content\/uploads\/2025\/07\/IM-13-1229x1536.png 1229w, https:\/\/uvirtual.ucaldas.edu.co\/wp-content\/uploads\/2025\/07\/IM-13-600x750.png 600w, https:\/\/uvirtual.ucaldas.edu.co\/wp-content\/uploads\/2025\/07\/IM-13.png 1388w\" sizes=\"(max-width: 751px) 100vw, 751px\" \/>\t\t\t\t\t\t\t\t\t\t\t\t\t<\/div>\n\t\t\t\t<\/div>\n\t\t\t\t\t<\/div>\n\t\t\t\t<\/div>\n\t\t<div class=\"elementor-element elementor-element-3f7bd62 e-flex e-con-boxed e-con e-parent\" data-id=\"3f7bd62\" data-element_type=\"container\">\n\t\t\t\t\t<div class=\"e-con-inner\">\n\t\t\t\t<div class=\"elementor-element elementor-element-45b7bfe elementor-widget elementor-widget-spacer\" data-id=\"45b7bfe\" data-element_type=\"widget\" data-widget_type=\"spacer.default\">\n\t\t\t\t<div class=\"elementor-widget-container\">\n\t\t\t\t\t<div class=\"elementor-spacer\">\n\t\t\t<div class=\"elementor-spacer-inner\"><\/div>\n\t\t<\/div>\n\t\t\t\t<\/div>\n\t\t\t\t<\/div>\n\t\t\t\t\t<\/div>\n\t\t\t\t<\/div>\n\t\t<div class=\"elementor-element elementor-element-882ad95 e-flex e-con-boxed e-con e-parent\" data-id=\"882ad95\" data-element_type=\"container\">\n\t\t\t\t\t<div class=\"e-con-inner\">\n\t\t\t\t<div class=\"elementor-element elementor-element-52fab73 elementor-widget elementor-widget-text-editor\" data-id=\"52fab73\" data-element_type=\"widget\" data-widget_type=\"text-editor.default\">\n\t\t\t\t<div class=\"elementor-widget-container\">\n\t\t\t\t\t\t\t<p>As\u00ed mismo todas las Facultades de la universidad y algunas dependencias acad\u00e9mico-administrativas han desarrollado experiencias significativas relacionadas con la incorporaci\u00f3n de las tecnolog\u00edas en sus procesos de ense\u00f1anza y aprendizaje.<\/p>\t\t\t\t\t\t<\/div>\n\t\t\t\t<\/div>\n\t\t\t\t\t<\/div>\n\t\t\t\t<\/div>\n\t\t\t\t<section class=\"elementor-section elementor-top-section elementor-element elementor-element-7fef451 elementor-section-full_width elementor-section-height-default elementor-section-height-default\" data-id=\"7fef451\" data-element_type=\"section\" data-settings=\"{&quot;background_background&quot;:&quot;slideshow&quot;,&quot;background_slideshow_gallery&quot;:[],&quot;background_slideshow_loop&quot;:&quot;yes&quot;,&quot;background_slideshow_slide_duration&quot;:5000,&quot;background_slideshow_slide_transition&quot;:&quot;fade&quot;,&quot;background_slideshow_transition_duration&quot;:500}\">\n\t\t\t\t\t\t<div class=\"elementor-container elementor-column-gap-no\">\n\t\t\t\t\t<div class=\"elementor-column elementor-col-100 elementor-top-column elementor-element elementor-element-05ba7e0\" data-id=\"05ba7e0\" data-element_type=\"column\">\n\t\t\t<div class=\"elementor-widget-wrap\">\n\t\t\t\t\t\t\t<\/div>\n\t\t<\/div>\n\t\t\t\t\t<\/div>\n\t\t<\/section>\n\t\t\t\t<\/div>\n\t\t","protected":false},"excerpt":{"rendered":"<p>La Universidad de Caldas ha demostrado especial inter\u00e9s en la incorporaci\u00f3n de las Tecnolog\u00edas y estrategias pedag\u00f3gicas y did\u00e1cticas innovadoras&#8230;<\/p>\n","protected":false},"author":1,"featured_media":0,"parent":0,"menu_order":0,"comment_status":"closed","ping_status":"closed","template":"template-builder.php","meta":{"footnotes":""},"class_list":["post-7210","page","type-page","status-publish","hentry"],"_links":{"self":[{"href":"https:\/\/uvirtual.ucaldas.edu.co\/index.php\/wp-json\/wp\/v2\/pages\/7210","targetHints":{"allow":["GET"]}}],"collection":[{"href":"https:\/\/uvirtual.ucaldas.edu.co\/index.php\/wp-json\/wp\/v2\/pages"}],"about":[{"href":"https:\/\/uvirtual.ucaldas.edu.co\/index.php\/wp-json\/wp\/v2\/types\/page"}],"author":[{"embeddable":true,"href":"https:\/\/uvirtual.ucaldas.edu.co\/index.php\/wp-json\/wp\/v2\/users\/1"}],"replies":[{"embeddable":true,"href":"https:\/\/uvirtual.ucaldas.edu.co\/index.php\/wp-json\/wp\/v2\/comments?post=7210"}],"version-history":[{"count":19,"href":"https:\/\/uvirtual.ucaldas.edu.co\/index.php\/wp-json\/wp\/v2\/pages\/7210\/revisions"}],"predecessor-version":[{"id":7236,"href":"https:\/\/uvirtual.ucaldas.edu.co\/index.php\/wp-json\/wp\/v2\/pages\/7210\/revisions\/7236"}],"wp:attachment":[{"href":"https:\/\/uvirtual.ucaldas.edu.co\/index.php\/wp-json\/wp\/v2\/media?parent=7210"}],"curies":[{"name":"wp","href":"https:\/\/api.w.org\/{rel}","templated":true}]}}