{"id":6811,"date":"2024-07-02T11:54:40","date_gmt":"2024-07-02T16:54:40","guid":{"rendered":"https:\/\/uvirtual.ucaldas.edu.co\/?page_id=6811"},"modified":"2025-07-28T09:58:32","modified_gmt":"2025-07-28T14:58:32","slug":"contacto","status":"publish","type":"page","link":"https:\/\/uvirtual.ucaldas.edu.co\/index.php\/contacto\/","title":{"rendered":"Contacto"},"content":{"rendered":"\t\t<div data-elementor-type=\"wp-page\" data-elementor-id=\"6811\" class=\"elementor elementor-6811\" data-elementor-post-type=\"page\">\n\t\t\t\t\t\t<section class=\"elementor-section elementor-top-section elementor-element elementor-element-e59c926 elementor-section-full_width elementor-section-height-default elementor-section-height-default\" data-id=\"e59c926\" data-element_type=\"section\">\n\t\t\t\t\t\t<div class=\"elementor-container elementor-column-gap-no\">\n\t\t\t\t\t<div class=\"elementor-column elementor-col-100 elementor-top-column elementor-element elementor-element-ffda8f1\" data-id=\"ffda8f1\" data-element_type=\"column\">\n\t\t\t<div class=\"elementor-widget-wrap elementor-element-populated\">\n\t\t\t\t\r\n\r\n\t\t<div class=\"elementor-element elementor-element-2b31606 elementor-widget elementor-widget-edurabanner\" data-id=\"2b31606\" data-element_type=\"widget\" data-widget_type=\"edurabanner.default\">\n\t\t\t\t<div class=\"elementor-widget-container\">\n\t\t\t<div class=\"th-hero-wrapper hero-3\"><div class=\"hero-slider-2 th-carousel\" data-fade=\"true\" data-slide-show=\"1\" data-md-slide-show=\"1\" data-arrows=\"true\"><div class=\"th-hero-slide\"><div class=\"th-hero-bg\" data-bg-src=\"https:\/\/uvirtual.ucaldas.edu.co\/wp-content\/uploads\/2024\/07\/Img_15.png\"><\/div><div class=\"th-hero-bg-overlay\" data-bg-src=\"\"><\/div><div class=\"container\"><div class=\"row align-items-center justify-content-center\"><div class=\"col-lg-12\"><div class=\"hero-style3 text-center\"><span class=\"hero-subtitle th-sub text-white\" data-ani=\"slideinup\" data-ani-delay=\"0.1s\"><br><br><br><br>CONTACTO<br><br><br><br><\/span><div class=\"hero-text text-white\" data-ani=\"slideinup\" data-ani-delay=\"0.5s\"><\/div><\/div><\/div><\/div><\/div><\/div><\/div><\/div>\t\t<\/div>\n\t\t\t\t<\/div>\n\t\t\t\t\t<\/div>\n\t\t<\/div>\n\t\t\t\t\t<\/div>\n\t\t<\/section>\n\t\t\t\t<section class=\"elementor-section elementor-top-section elementor-element elementor-element-065b7f0 elementor-section-boxed elementor-section-height-default elementor-section-height-default\" data-id=\"065b7f0\" data-element_type=\"section\">\n\t\t\t\t\t\t<div class=\"elementor-container elementor-column-gap-no\">\n\t\t\t\t\t<div class=\"elementor-column elementor-col-100 elementor-top-column elementor-element elementor-element-9294190\" data-id=\"9294190\" data-element_type=\"column\">\n\t\t\t<div class=\"elementor-widget-wrap elementor-element-populated\">\n\t\t\t\t\t\t<section class=\"elementor-section elementor-inner-section elementor-element elementor-element-a93b446 elementor-section-boxed elementor-section-height-default elementor-section-height-default\" data-id=\"a93b446\" data-element_type=\"section\">\n\t\t\t\t\t\t<div class=\"elementor-container elementor-column-gap-no\">\n\t\t\t\t\t<div class=\"elementor-column elementor-col-50 elementor-inner-column elementor-element elementor-element-01f7862\" data-id=\"01f7862\" data-element_type=\"column\">\n\t\t\t<div class=\"elementor-widget-wrap elementor-element-populated\">\n\t\t\t\t\t\t<div class=\"elementor-element elementor-element-5d7e68f elementor-widget elementor-widget-eduracontactinfo\" data-id=\"5d7e68f\" data-element_type=\"widget\" data-widget_type=\"eduracontactinfo.default\">\n\t\t\t\t<div class=\"elementor-widget-container\">\n\t\t\t        <div class=\"contact-feature\"><div class=\"contact-feature-icon th-icon\"><i class=\"fal fa-location-dot\"><\/i><\/div><div class=\"media-body\"><p class=\"contact-feature_label th-title\">Nuestra direcci\u00f3n<\/p><a href=\"https:\/\/maps.app.goo.gl\/ZrbRHdnwc2k8X4uR6\" class=\"contact-feature_link th-info\">Sede principal Calle 65 No 26-10, Manizales Caldas, Colombia<\/a><\/div><\/div><div class=\"contact-feature\"><div class=\"contact-feature-icon th-icon\"><i class=\"fal fa-phone\"><\/i><\/div><div class=\"media-body\"><p class=\"contact-feature_label th-title\">Ll\u00e1manos<\/p><a href=\"tel:6068781500Ext.000\" class=\"contact-feature_link th-info\">606 878 15 00 Ext. 000<\/a><a href=\"tel:\" class=\"contact-feature_link th-info\"><\/a><\/div><\/div><div class=\"contact-feature\"><div class=\"contact-feature-icon th-icon\"><i class=\"fal fa-envelope\"><\/i><\/div><div class=\"media-body\"><p class=\"contact-feature_label th-title\">Escr\u00edbenos<\/p><span class=\"contact-feature_link\">ucaldasvirtual@ucaldas.edu.co<\/span><span class=\"contact-feature_link\"><\/span><\/div><\/div>\t\t<\/div>\n\t\t\t\t<\/div>\n\t\t\t\t\t<\/div>\n\t\t<\/div>\n\t\t\t\t<div class=\"elementor-column elementor-col-50 elementor-inner-column elementor-element elementor-element-4ccbf48\" data-id=\"4ccbf48\" data-element_type=\"column\" data-settings=\"{&quot;background_background&quot;:&quot;classic&quot;}\">\n\t\t\t<div class=\"elementor-widget-wrap elementor-element-populated\">\n\t\t\t\t\t\t<div class=\"elementor-element elementor-element-8a711f0 elementor-widget elementor-widget-acaducontactform\" data-id=\"8a711f0\" data-element_type=\"widget\" data-widget_type=\"acaducontactform.default\">\n\t\t\t\t<div class=\"elementor-widget-container\">\n\t\t\t<!-----------------------Start Contact Form----------------------->\r\n\t\t<div class=\"container\"><div class=\"contact-form-wrap\" data-bg-src=\"https:\/\/uvirtual.ucaldas.edu.co\/wp-content\/uploads\/2024\/07\/Img_13.svg\"><h2 class=\"border-title\">Cont\u00e1ctanos<\/h2><div class=\"contact-form\">\n<div class=\"wpcf7 no-js\" id=\"wpcf7-f6810-o1\" lang=\"en-US\" dir=\"ltr\" data-wpcf7-id=\"6810\">\n<div class=\"screen-reader-response\"><p role=\"status\" aria-live=\"polite\" aria-atomic=\"true\"><\/p> <ul><\/ul><\/div>\n<form action=\"\/index.php\/wp-json\/wp\/v2\/pages\/6811#wpcf7-f6810-o1\" method=\"post\" class=\"wpcf7-form init\" aria-label=\"Contact form\" novalidate=\"novalidate\" data-status=\"init\">\n<fieldset class=\"hidden-fields-container\"><input type=\"hidden\" name=\"_wpcf7\" value=\"6810\" \/><input type=\"hidden\" name=\"_wpcf7_version\" value=\"6.1.4\" \/><input type=\"hidden\" name=\"_wpcf7_locale\" value=\"en_US\" \/><input type=\"hidden\" name=\"_wpcf7_unit_tag\" value=\"wpcf7-f6810-o1\" \/><input type=\"hidden\" name=\"_wpcf7_container_post\" value=\"0\" \/><input type=\"hidden\" name=\"_wpcf7_posted_data_hash\" value=\"\" \/>\n<\/fieldset>\n<div class=\"row\">\n    <div class=\"col-md-6\">\n        <div class=\"form-group\">\n            <span class=\"wpcf7-form-control-wrap\" data-name=\"nombre\"><input size=\"40\" maxlength=\"400\" class=\"wpcf7-form-control wpcf7-text wpcf7-validates-as-required form-control style-white\" id=\"nombre\" aria-required=\"true\" aria-invalid=\"false\" placeholder=\"Nombre*\" value=\"\" type=\"text\" name=\"nombre\" \/><\/span>\n            <i class=\"fal fa-user\"><\/i>\n        <\/div>\n    <\/div>\n    <div class=\"col-md-6\">\n        <div class=\"form-group\">\n            <span class=\"wpcf7-form-control-wrap\" data-name=\"apellidos\"><input size=\"40\" maxlength=\"400\" class=\"wpcf7-form-control wpcf7-text wpcf7-validates-as-required form-control style-white\" id=\"apellidos\" aria-required=\"true\" aria-invalid=\"false\" placeholder=\"Apellidos*\" value=\"\" type=\"text\" name=\"apellidos\" \/><\/span>\n            <i class=\"fal fa-user\"><\/i>\n        <\/div>\n    <\/div>\n    <div class=\"col-md-6\">\n        <div class=\"form-group\">\n            <span class=\"wpcf7-form-control-wrap\" data-name=\"email\"><input size=\"40\" maxlength=\"400\" class=\"wpcf7-form-control wpcf7-email wpcf7-validates-as-required wpcf7-text wpcf7-validates-as-email form-control style-white\" id=\"email\" aria-required=\"true\" aria-invalid=\"false\" placeholder=\"Correo electr\u00f3nico*\" value=\"\" type=\"email\" name=\"email\" \/><\/span>\n            <i class=\"fal fa-envelope\"><\/i>\n        <\/div>\n    <\/div>    \n    <div class=\"col-md-6\">\n        <div class=\"form-group\">\n            <span class=\"wpcf7-form-control-wrap\" data-name=\"telefono\"><input size=\"40\" maxlength=\"400\" class=\"wpcf7-form-control wpcf7-tel wpcf7-validates-as-required wpcf7-text wpcf7-validates-as-tel form-control style-white\" id=\"telefono\" aria-required=\"true\" aria-invalid=\"false\" placeholder=\"N\u00famero de tel\u00e9fono*\" value=\"\" type=\"tel\" name=\"telefono\" \/><\/span>\n            <i class=\"fal fa-phone\"><\/i>\n        <\/div>\n    <\/div>\n    <div class=\"col-12\">\n        <div class=\"form-group \">\n            <span class=\"wpcf7-form-control-wrap\" data-name=\"mensaje\"><textarea cols=\"40\" rows=\"10\" maxlength=\"2000\" class=\"wpcf7-form-control wpcf7-textarea wpcf7-validates-as-required form-control style-white\" id=\"mensaje\" aria-required=\"true\" aria-invalid=\"false\" placeholder=\"Escribe tu mensaje\" name=\"mensaje\"><\/textarea><\/span>\n            <i class=\"fal fa-pen\"><\/i>\n        <\/div>\n    <\/div>\n    <div class=\"form-btn col-12 mt-10\">\n        <button class=\"th-btn th_btn wpcf7\">Enviar mensaje<i class=\"fas fa-long-arrow-right ms-2\"><\/i><\/button>\n    <\/div>\n<\/div>\n<p class=\"form-messages mb-0 mt-3\"><\/p><div class=\"wpcf7-response-output\" aria-hidden=\"true\"><\/div>\n<\/form>\n<\/div>\n<\/div><\/div><\/div><!-----------------------End Contact Form----------------------->\t\t<\/div>\n\t\t\t\t<\/div>\n\t\t\t\t\t<\/div>\n\t\t<\/div>\n\t\t\t\t\t<\/div>\n\t\t<\/section>\n\t\t\t\t\t<\/div>\n\t\t<\/div>\n\t\t\t\t\t<\/div>\n\t\t<\/section>\n\t\t\t\t<section class=\"elementor-section elementor-top-section elementor-element elementor-element-4c2e540 elementor-section-height-min-height elementor-section-full_width elementor-section-height-default elementor-section-items-middle\" data-id=\"4c2e540\" data-element_type=\"section\" data-settings=\"{&quot;background_background&quot;:&quot;classic&quot;}\">\n\t\t\t\t\t\t<div class=\"elementor-container elementor-column-gap-wide\">\n\t\t\t\t\t<div class=\"elementor-column elementor-col-33 elementor-top-column elementor-element elementor-element-ecc7036\" data-id=\"ecc7036\" data-element_type=\"column\">\n\t\t\t<div class=\"elementor-widget-wrap elementor-element-populated\">\n\t\t\t\t\t\t<div class=\"elementor-element elementor-element-513da3d elementor-widget__width-initial elementor-widget elementor-widget-image\" data-id=\"513da3d\" data-element_type=\"widget\" data-widget_type=\"image.default\">\n\t\t\t\t<div class=\"elementor-widget-container\">\n\t\t\t<style>\/*! elementor - v3.22.0 - 26-06-2024 *\/\n.elementor-widget-image{text-align:center}.elementor-widget-image a{display:inline-block}.elementor-widget-image a img[src$=\".svg\"]{width:48px}.elementor-widget-image img{vertical-align:middle;display:inline-block}<\/style>\t\t\t\t\t\t\t\t\t\t<img decoding=\"async\" width=\"262\" height=\"69\" src=\"https:\/\/uvirtual.ucaldas.edu.co\/wp-content\/uploads\/2024\/07\/Img_14.svg\" class=\"attachment-medium size-medium wp-image-6894\" alt=\"\" \/>\t\t\t\t\t\t\t\t\t\t\t\t\t<\/div>\n\t\t\t\t<\/div>\n\t\t\t\t\t<\/div>\n\t\t<\/div>\n\t\t\t\t<div class=\"elementor-column elementor-col-33 elementor-top-column elementor-element elementor-element-a33bb2b\" data-id=\"a33bb2b\" data-element_type=\"column\">\n\t\t\t<div class=\"elementor-widget-wrap elementor-element-populated\">\n\t\t\t\t\t\t<div class=\"elementor-element elementor-element-a84e8ad elementor-widget__width-initial elementor-widget elementor-widget-heading\" data-id=\"a84e8ad\" data-element_type=\"widget\" data-widget_type=\"heading.default\">\n\t\t\t\t<div class=\"elementor-widget-container\">\n\t\t\t<style>\/*! elementor - v3.22.0 - 26-06-2024 *\/\n.elementor-heading-title{padding:0;margin:0;line-height:1}.elementor-widget-heading .elementor-heading-title[class*=elementor-size-]>a{color:inherit;font-size:inherit;line-height:inherit}.elementor-widget-heading .elementor-heading-title.elementor-size-small{font-size:15px}.elementor-widget-heading .elementor-heading-title.elementor-size-medium{font-size:19px}.elementor-widget-heading .elementor-heading-title.elementor-size-large{font-size:29px}.elementor-widget-heading .elementor-heading-title.elementor-size-xl{font-size:39px}.elementor-widget-heading .elementor-heading-title.elementor-size-xxl{font-size:59px}<\/style><p class=\"elementor-heading-title elementor-size-default\"><b>Suscr\u00edbete a nuestro bolet\u00edn<\/b> y conoce las \u00faltimas novedades<\/p>\t\t<\/div>\n\t\t\t\t<\/div>\n\t\t\t\t\t<\/div>\n\t\t<\/div>\n\t\t\t\t<div class=\"elementor-column elementor-col-33 elementor-top-column elementor-element elementor-element-b9ad3a4\" data-id=\"b9ad3a4\" data-element_type=\"column\">\n\t\t\t<div class=\"elementor-widget-wrap elementor-element-populated\">\n\t\t\t\t\t\t<div class=\"elementor-element elementor-element-5dea30d elementor-widget elementor-widget-shortcode\" data-id=\"5dea30d\" data-element_type=\"widget\" data-widget_type=\"shortcode.default\">\n\t\t\t\t<div class=\"elementor-widget-container\">\n\t\t\t\t\t<div class=\"elementor-shortcode\">\n<div class=\"wpcf7 no-js\" id=\"wpcf7-f6912-o2\" lang=\"es-CO\" dir=\"ltr\" data-wpcf7-id=\"6912\">\n<div class=\"screen-reader-response\"><p role=\"status\" aria-live=\"polite\" aria-atomic=\"true\"><\/p> <ul><\/ul><\/div>\n<form action=\"\/index.php\/wp-json\/wp\/v2\/pages\/6811#wpcf7-f6912-o2\" method=\"post\" class=\"wpcf7-form init\" aria-label=\"Formulario de contacto\" novalidate=\"novalidate\" data-status=\"init\">\n<fieldset class=\"hidden-fields-container\"><input type=\"hidden\" name=\"_wpcf7\" value=\"6912\" \/><input type=\"hidden\" name=\"_wpcf7_version\" value=\"6.1.4\" \/><input type=\"hidden\" name=\"_wpcf7_locale\" value=\"es_CO\" \/><input type=\"hidden\" name=\"_wpcf7_unit_tag\" value=\"wpcf7-f6912-o2\" \/><input type=\"hidden\" name=\"_wpcf7_container_post\" value=\"0\" \/><input type=\"hidden\" name=\"_wpcf7_posted_data_hash\" value=\"\" \/>\n<\/fieldset>\n<div class=\"unique-form\">\n    <span class=\"wpcf7-form-control-wrap\" data-name=\"email\"><input size=\"40\" maxlength=\"400\" class=\"wpcf7-form-control wpcf7-email wpcf7-validates-as-required wpcf7-text wpcf7-validates-as-email unique-email-field\" aria-required=\"true\" aria-invalid=\"false\" placeholder=\"Correo electr\u00f3nico*\" value=\"\" type=\"email\" name=\"email\" \/><\/span>\n    <input class=\"wpcf7-form-control wpcf7-submit has-spinner unique-submit-button\" type=\"submit\" value=\"Suscr\u00edbete\" \/>\n<\/div><div class=\"wpcf7-response-output\" aria-hidden=\"true\"><\/div>\n<\/form>\n<\/div>\n<\/div>\n\t\t\t\t<\/div>\n\t\t\t\t<\/div>\n\t\t\t\t\t<\/div>\n\t\t<\/div>\n\t\t\t\t\t<\/div>\n\t\t<\/section>\n\t\t\t\t<\/div>\n\t\t","protected":false},"excerpt":{"rendered":"<p>CONTACTO Nuestra direcci\u00f3n Sede principal Calle 65 No 26-10, Manizales Caldas, Colombia Ll\u00e1manos 606 878 15 00 Ext. 000 Escr\u00edbenos&#8230;<\/p>\n","protected":false},"author":1,"featured_media":0,"parent":0,"menu_order":0,"comment_status":"closed","ping_status":"closed","template":"template-builder.php","meta":{"footnotes":""},"class_list":["post-6811","page","type-page","status-publish","hentry"],"_links":{"self":[{"href":"https:\/\/uvirtual.ucaldas.edu.co\/index.php\/wp-json\/wp\/v2\/pages\/6811","targetHints":{"allow":["GET"]}}],"collection":[{"href":"https:\/\/uvirtual.ucaldas.edu.co\/index.php\/wp-json\/wp\/v2\/pages"}],"about":[{"href":"https:\/\/uvirtual.ucaldas.edu.co\/index.php\/wp-json\/wp\/v2\/types\/page"}],"author":[{"embeddable":true,"href":"https:\/\/uvirtual.ucaldas.edu.co\/index.php\/wp-json\/wp\/v2\/users\/1"}],"replies":[{"embeddable":true,"href":"https:\/\/uvirtual.ucaldas.edu.co\/index.php\/wp-json\/wp\/v2\/comments?post=6811"}],"version-history":[{"count":130,"href":"https:\/\/uvirtual.ucaldas.edu.co\/index.php\/wp-json\/wp\/v2\/pages\/6811\/revisions"}],"predecessor-version":[{"id":7293,"href":"https:\/\/uvirtual.ucaldas.edu.co\/index.php\/wp-json\/wp\/v2\/pages\/6811\/revisions\/7293"}],"wp:attachment":[{"href":"https:\/\/uvirtual.ucaldas.edu.co\/index.php\/wp-json\/wp\/v2\/media?parent=6811"}],"curies":[{"name":"wp","href":"https:\/\/api.w.org\/{rel}","templated":true}]}}