{"id":6726,"date":"2024-07-02T09:08:33","date_gmt":"2024-07-02T14:08:33","guid":{"rendered":"https:\/\/uvirtual.ucaldas.edu.co\/?page_id=6726"},"modified":"2026-04-13T10:39:45","modified_gmt":"2026-04-13T15:39:45","slug":"recursos","status":"publish","type":"page","link":"https:\/\/uvirtual.ucaldas.edu.co\/index.php\/recursos\/","title":{"rendered":"Recursos"},"content":{"rendered":"\t\t<div data-elementor-type=\"wp-page\" data-elementor-id=\"6726\" class=\"elementor elementor-6726\" data-elementor-post-type=\"page\">\n\t\t\t\t\t\t<section class=\"elementor-section elementor-top-section elementor-element elementor-element-e59c926 elementor-section-full_width elementor-section-height-default elementor-section-height-default\" data-id=\"e59c926\" data-element_type=\"section\" data-settings=\"{&quot;background_background&quot;:&quot;video&quot;,&quot;background_video_link&quot;:&quot;https:\\\/\\\/uvirtual.ucaldas.edu.co\\\/wp-content\\\/uploads\\\/2024\\\/07\\\/Vid_1.mp4&quot;}\">\n\t\t\t\t\t\t\t\t<div class=\"elementor-background-video-container elementor-hidden-phone\">\n\t\t\t\t\t\t\t\t\t\t\t\t\t<video class=\"elementor-background-video-hosted elementor-html5-video\" autoplay muted playsinline loop><\/video>\n\t\t\t\t\t\t\t\t\t\t\t<\/div>\n\t\t\t\t\t\t\t\t<div class=\"elementor-container elementor-column-gap-no\">\n\t\t\t\t\t<div class=\"elementor-column elementor-col-100 elementor-top-column elementor-element elementor-element-ffda8f1\" data-id=\"ffda8f1\" data-element_type=\"column\" data-settings=\"{&quot;background_background&quot;:&quot;classic&quot;}\">\n\t\t\t<div class=\"elementor-widget-wrap elementor-element-populated\">\n\t\t\t\t\r\n\r\n\t\t<div class=\"elementor-element elementor-element-2b31606 elementor-widget elementor-widget-edurabanner\" data-id=\"2b31606\" data-element_type=\"widget\" data-widget_type=\"edurabanner.default\">\n\t\t\t\t<div class=\"elementor-widget-container\">\n\t\t\t<div class=\"th-hero-wrapper hero-3\"><div class=\"hero-slider-2 th-carousel\" data-fade=\"true\" data-slide-show=\"1\" data-md-slide-show=\"1\" data-arrows=\"true\"><div class=\"th-hero-slide\"><div class=\"th-hero-bg\" data-bg-src=\"\"><\/div><div class=\"th-hero-bg-overlay\" data-bg-src=\"\"><\/div><div class=\"container\"><div class=\"row align-items-center justify-content-center\"><div class=\"col-lg-12\"><div class=\"hero-style3 text-center\"><span class=\"hero-subtitle th-sub text-white\" data-ani=\"slideinup\" data-ani-delay=\"0.1s\"><br><br><br><br>RECURSOS<\/span><h1 class=\"hero-title th-title text-white\" data-ani=\"slideinup\" data-ani-delay=\"0.4s\"><span style=\"background-color: #8f00fb;color: #fff;font-weight: 500\">PARA INSTRUCTORES Y ESTUDIANTES<\/span><\/h1><div class=\"hero-text text-white\" data-ani=\"slideinup\" data-ani-delay=\"0.5s\"><\/div><\/div><\/div><\/div><\/div><\/div><\/div><\/div>\t\t<\/div>\n\t\t\t\t<\/div>\n\t\t\t\t\t<\/div>\n\t\t<\/div>\n\t\t\t\t\t<\/div>\n\t\t<\/section>\n\t\t\t\t<section class=\"elementor-section elementor-top-section elementor-element elementor-element-70db0c7 elementor-section-full_width elementor-section-height-default elementor-section-height-default\" data-id=\"70db0c7\" data-element_type=\"section\" data-settings=\"{&quot;background_background&quot;:&quot;classic&quot;}\">\n\t\t\t\t\t\t<div class=\"elementor-container elementor-column-gap-no\">\n\t\t\t\t\t<div class=\"elementor-column elementor-col-100 elementor-top-column elementor-element elementor-element-fb2c751\" data-id=\"fb2c751\" data-element_type=\"column\">\n\t\t\t<div class=\"elementor-widget-wrap elementor-element-populated\">\n\t\t\t\t\t\t<section class=\"elementor-section elementor-inner-section elementor-element elementor-element-ea0a9ec elementor-section-boxed elementor-section-height-default elementor-section-height-default\" data-id=\"ea0a9ec\" data-element_type=\"section\">\n\t\t\t\t\t\t<div class=\"elementor-container elementor-column-gap-no\">\n\t\t\t\t\t<div class=\"elementor-column elementor-col-100 elementor-inner-column elementor-element elementor-element-9e81a31\" data-id=\"9e81a31\" data-element_type=\"column\">\n\t\t\t<div class=\"elementor-widget-wrap elementor-element-populated\">\n\t\t\t\t\t\t<div class=\"elementor-element elementor-element-4936be7 elementor-widget__width-initial elementor-widget elementor-widget-acadusectiondescription\" data-id=\"4936be7\" data-element_type=\"widget\" data-widget_type=\"acadusectiondescription.default\">\n\t\t\t\t<div class=\"elementor-widget-container\">\n\t\t\t<div class=\"sec-desc-area\" ><div class=\"title-area mb-30\" ><span class=\"sub-title subtitle-selector\">DOCENTES<\/span><h2 class=\"sec-title fw-medium title-selector\"><span style=\"background-color: #8f00fb;padding: 5px\">TUTORIALES <\/span>&nbsp;&nbsp;&nbsp;&nbsp;<img decoding=\"async\" src=\"https:\/\/uvirtual.ucaldas.edu.co\/wp-content\/uploads\/2024\/06\/QSL-4.png\">  <\/h2><\/div><\/div>\t\t<\/div>\n\t\t\t\t<\/div>\n\t\t\t\t\t<\/div>\n\t\t<\/div>\n\t\t\t\t\t<\/div>\n\t\t<\/section>\n\t\t\t\t<section class=\"elementor-section elementor-inner-section elementor-element elementor-element-5c891a3 elementor-section-boxed elementor-section-height-default elementor-section-height-default\" data-id=\"5c891a3\" data-element_type=\"section\">\n\t\t\t\t\t\t<div class=\"elementor-container elementor-column-gap-no\">\n\t\t\t\t\t<div class=\"elementor-column elementor-col-100 elementor-inner-column elementor-element elementor-element-84fad5a\" data-id=\"84fad5a\" data-element_type=\"column\">\n\t\t\t<div class=\"elementor-widget-wrap elementor-element-populated\">\n\t\t\t\t\t\t<div class=\"elementor-element elementor-element-a61178f elementor-widget elementor-widget-acaducatlist\" data-id=\"a61178f\" data-element_type=\"widget\" data-widget_type=\"acaducatlist.default\">\n\t\t\t\t<div class=\"elementor-widget-container\">\n\t\t\t<!------------------------------- Cat Area start -------------------------------><div class=\"row gy-4\"><div class=\"col-lg-6 col-xl-4\"><div class=\"category-list\"><div class=\"category-list_icon\"><img decoding=\"async\" src=\"https:\/\/uvirtual.ucaldas.edu.co\/wp-content\/uploads\/2024\/07\/Img_29.svg\" alt=\"Img_29\"  \/><\/div><div class=\"category-list_content\"><h3 class=\"category-list_title\"><a href=\"https:\/\/uvirtual.ucaldas.edu.co\/wp-content\/uploads\/2025\/05\/Manual-usuario-docente.pdf\">Tutorial Docente<\/a><\/h3><p class=\"category-list_text\">\nEste Tutorial est\u00e1 dise\u00f1ado para guiar al docente en el uso de la plataforma Moodle, facilitando la gesti\u00f3n eficiente de cursos, actividades y recursos. Aqu\u00ed encontrar\u00e1 las funciones principales y herramientas necesarias para optimizar el proceso de ense\u00f1anza virtual.\n<\/p><\/div><a href=\"https:\/\/uvirtual.ucaldas.edu.co\/wp-content\/uploads\/2025\/05\/Manual-usuario-docente.pdf\" class=\"icon-btn\"><i class=\"fas fa-arrow-right\"><\/i><\/a><\/div><\/div><div class=\"col-lg-6 col-xl-4\"><div class=\"category-list\"><div class=\"category-list_icon\"><img decoding=\"async\" src=\"https:\/\/uvirtual.ucaldas.edu.co\/wp-content\/uploads\/2024\/07\/Img_28.svg\" alt=\"Img_28\"  \/><\/div><div class=\"category-list_content\"><h3 class=\"category-list_title\"><a href=\"https:\/\/uvirtual.ucaldas.edu.co\/wp-content\/uploads\/2025\/05\/Cuestionario-moodle.pdf\">Creaci\u00f3n de cuestionarios <\/a><\/h3><p class=\"category-list_text\">En este tutorial aprender\u00e1s c\u00f3mo crear cuestionarios efectivos dentro de la plataforma, utilizando una variedad de tipos de preguntas para evaluar el conocimiento de tus estudiantes. <\/p><\/div><a href=\"https:\/\/uvirtual.ucaldas.edu.co\/wp-content\/uploads\/2025\/05\/Cuestionario-moodle.pdf\" class=\"icon-btn\"><i class=\"fas fa-arrow-right\"><\/i><\/a><\/div><\/div><div class=\"col-lg-6 col-xl-4\"><div class=\"category-list\"><div class=\"category-list_icon\"><img decoding=\"async\" src=\"https:\/\/uvirtual.ucaldas.edu.co\/wp-content\/uploads\/2024\/07\/Img_31.svg\" alt=\"Img_31\"  \/><\/div><div class=\"category-list_content\"><h3 class=\"category-list_title\"><a href=\"https:\/\/uvirtual.ucaldas.edu.co\/wp-content\/uploads\/2025\/05\/Reiniciar-aula.pdf\">Reiniciar aula<\/a><\/h3><p class=\"category-list_text\">Restaura el aula por completo, dej\u00e1ndola sin la interacci\u00f3n de los alumnos.<\/p><\/div><a href=\"https:\/\/uvirtual.ucaldas.edu.co\/wp-content\/uploads\/2025\/05\/Reiniciar-aula.pdf\" class=\"icon-btn\"><i class=\"fas fa-arrow-right\"><\/i><\/a><\/div><\/div><div class=\"col-lg-6 col-xl-4\"><div class=\"category-list\"><div class=\"category-list_icon\"><img decoding=\"async\" src=\"https:\/\/uvirtual.ucaldas.edu.co\/wp-content\/uploads\/2024\/07\/Img_30.svg\" alt=\"Img_30\"  \/><\/div><div class=\"category-list_content\"><h3 class=\"category-list_title\"><a href=\"https:\/\/virtual.ucaldas.edu.co\/mod\/page\/view.php?id=129866\">Solicitud de aulas<\/a><\/h3><p class=\"category-list_text\">Solicite la activaci\u00f3n o apertura de nuevas aulas virtuales con el siguiente formulario.<\/p><\/div><a href=\"https:\/\/virtual.ucaldas.edu.co\/mod\/page\/view.php?id=129866\" class=\"icon-btn\"><i class=\"fas fa-arrow-right\"><\/i><\/a><\/div><\/div><div class=\"col-lg-6 col-xl-4\"><div class=\"category-list\"><div class=\"category-list_icon\"><img decoding=\"async\" src=\"https:\/\/uvirtual.ucaldas.edu.co\/wp-content\/uploads\/2024\/07\/Img_32.svg\" alt=\"Img_32\"  \/><\/div><div class=\"category-list_content\"><h3 class=\"category-list_title\"><a href=\"https:\/\/uvirtual.ucaldas.edu.co\/wp-content\/uploads\/2025\/05\/Copia-de-seguridad.pdf\">Copia de seguridad<\/a><\/h3><p class=\"category-list_text\">Respaldo de todo lo desarrollado en el  aula virtual.<\/p><\/div><a href=\"https:\/\/uvirtual.ucaldas.edu.co\/wp-content\/uploads\/2025\/05\/Copia-de-seguridad.pdf\" class=\"icon-btn\"><i class=\"fas fa-arrow-right\"><\/i><\/a><\/div><\/div><div class=\"col-lg-6 col-xl-4\"><div class=\"category-list\"><div class=\"category-list_icon\"><img decoding=\"async\" src=\"https:\/\/uvirtual.ucaldas.edu.co\/wp-content\/uploads\/2024\/07\/Img_5.svg\" alt=\"Img_5\"  \/><\/div><div class=\"category-list_content\"><h3 class=\"category-list_title\"><a href=\"https:\/\/uvirtual.ucaldas.edu.co\/wp-content\/uploads\/2025\/05\/H5P.pdf\">H5P<\/a><\/h3><p class=\"category-list_text\">Paso a paso para incorporar y utilizar H5P en tus cursos, mejorando la experiencia de aprendizaje de tus estudiantes.<\/p><\/div><a href=\"https:\/\/uvirtual.ucaldas.edu.co\/wp-content\/uploads\/2025\/05\/H5P.pdf\" class=\"icon-btn\"><i class=\"fas fa-arrow-right\"><\/i><\/a><\/div><\/div><\/div><!--------------------------------- Cat Area end --------------------------------->\t\t<\/div>\n\t\t\t\t<\/div>\n\t\t\t\t\t<\/div>\n\t\t<\/div>\n\t\t\t\t\t<\/div>\n\t\t<\/section>\n\t\t\t\t<section class=\"elementor-section elementor-inner-section elementor-element elementor-element-6d86ef3 elementor-section-boxed elementor-section-height-default elementor-section-height-default\" data-id=\"6d86ef3\" data-element_type=\"section\">\n\t\t\t\t\t\t<div class=\"elementor-container elementor-column-gap-no\">\n\t\t\t\t\t<div class=\"elementor-column elementor-col-100 elementor-inner-column elementor-element elementor-element-a354085\" data-id=\"a354085\" data-element_type=\"column\">\n\t\t\t<div class=\"elementor-widget-wrap elementor-element-populated\">\n\t\t\t\t\t\t<div class=\"elementor-element elementor-element-4d99770 elementor-widget__width-initial elementor-widget elementor-widget-acadusectiondescription\" data-id=\"4d99770\" data-element_type=\"widget\" data-widget_type=\"acadusectiondescription.default\">\n\t\t\t\t<div class=\"elementor-widget-container\">\n\t\t\t<div class=\"sec-desc-area\" ><div class=\"title-area mb-30\" ><span class=\"sub-title subtitle-selector\">ESTUDIANTES<\/span><h2 class=\"sec-title fw-medium title-selector\"><img decoding=\"async\" src=\"https:\/\/uvirtual.ucaldas.edu.co\/wp-content\/uploads\/2024\/06\/QSL-4.png\">  &nbsp;&nbsp;&nbsp;&nbsp; <span style=\"background-color: #8f00fb;padding: 5px\">TUTORIALES <\/span><\/h2><\/div><\/div>\t\t<\/div>\n\t\t\t\t<\/div>\n\t\t\t\t\t<\/div>\n\t\t<\/div>\n\t\t\t\t\t<\/div>\n\t\t<\/section>\n\t\t\t\t<section class=\"elementor-section elementor-inner-section elementor-element elementor-element-989bab8 elementor-section-boxed elementor-section-height-default elementor-section-height-default\" data-id=\"989bab8\" data-element_type=\"section\">\n\t\t\t\t\t\t<div class=\"elementor-container elementor-column-gap-no\">\n\t\t\t\t\t<div class=\"elementor-column elementor-col-100 elementor-inner-column elementor-element elementor-element-b13339c\" data-id=\"b13339c\" data-element_type=\"column\">\n\t\t\t<div class=\"elementor-widget-wrap elementor-element-populated\">\n\t\t\t\t\t\t<div class=\"elementor-element elementor-element-1563887 elementor-widget elementor-widget-acaducatlist\" data-id=\"1563887\" data-element_type=\"widget\" data-widget_type=\"acaducatlist.default\">\n\t\t\t\t<div class=\"elementor-widget-container\">\n\t\t\t<!------------------------------- Cat Area start -------------------------------><div class=\"row gy-4\"><div class=\"col-lg-6 col-xl-4\"><div class=\"category-list\"><div class=\"category-list_icon\"><img decoding=\"async\" src=\"https:\/\/uvirtual.ucaldas.edu.co\/wp-content\/uploads\/2024\/07\/Img_6.svg\" alt=\"Img_6\"  \/><\/div><div class=\"category-list_content\"><h3 class=\"category-list_title\"><a href=\"https:\/\/ucaldas2020-my.sharepoint.com\/my?viewid=8ef78c29%2D2a92%2D415d%2Dbf77%2Dec034b8823ba&#038;id=%2Fpersonal%2Fsoporte%5Fcampusvirtual%5Fudecaldas%5Fedu%5Fco%2FDocuments%2FDise%C3%B1o%20%2D%20Maria%20fernanda%2FCAMPUS%20VIRTUAL%2FTutoriales%2FIncio%20sesio%CC%81n%20en%20plataforma%20Completo%20WORDPRESS%2Epdf&#038;parent=%2Fpersonal%2Fsoporte%5Fcampusvirtual%5Fudecaldas%5Fedu%5Fco%2FDocuments%2FDise%C3%B1o%20%2D%20Maria%20ferna\">Inicio de sesi\u00f3n<\/a><\/h3><p class=\"category-list_text\">Explicaci\u00f3n paso a paso para ingresar a la plataforma de Moodle.<\/p><\/div><a href=\"https:\/\/ucaldas2020-my.sharepoint.com\/my?viewid=8ef78c29%2D2a92%2D415d%2Dbf77%2Dec034b8823ba&#038;id=%2Fpersonal%2Fsoporte%5Fcampusvirtual%5Fudecaldas%5Fedu%5Fco%2FDocuments%2FDise%C3%B1o%20%2D%20Maria%20fernanda%2FCAMPUS%20VIRTUAL%2FTutoriales%2FIncio%20sesio%CC%81n%20en%20plataforma%20Completo%20WORDPRESS%2Epdf&#038;parent=%2Fpersonal%2Fsoporte%5Fcampusvirtual%5Fudecaldas%5Fedu%5Fco%2FDocuments%2FDise%C3%B1o%20%2D%20Maria%20ferna\" class=\"icon-btn\"><i class=\"fas fa-arrow-right\"><\/i><\/a><\/div><\/div><div class=\"col-lg-6 col-xl-4\"><div class=\"category-list\"><div class=\"category-list_icon\"><img decoding=\"async\" src=\"https:\/\/uvirtual.ucaldas.edu.co\/wp-content\/uploads\/2024\/07\/Img_5.svg\" alt=\"Img_5\"  \/><\/div><div class=\"category-list_content\"><h3 class=\"category-list_title\">Subir tareas<\/h3><p class=\"category-list_text\">Aprende a subir tus trabajos a Moodle.<\/p><\/div><\/div><\/div><div class=\"col-lg-6 col-xl-4\"><div class=\"category-list\"><div class=\"category-list_icon\"><img decoding=\"async\" src=\"https:\/\/uvirtual.ucaldas.edu.co\/wp-content\/uploads\/2024\/07\/Img_4.svg\" alt=\"Img_4\"  \/><\/div><div class=\"category-list_content\"><h3 class=\"category-list_title\"><a href=\"https:\/\/www.ucaldas.edu.co\/portal\/ucaldas-explora-contenidos-digitales-en-un-solo-lugar\/\">UCaldas Explora<\/a><\/h3><p class=\"category-list_text\">\u00bfQu\u00e9 es y para qu\u00e9 funciona a UCaldas Explora? Te contamos<\/p><\/div><a href=\"https:\/\/www.ucaldas.edu.co\/portal\/ucaldas-explora-contenidos-digitales-en-un-solo-lugar\/\" class=\"icon-btn\"><i class=\"fas fa-arrow-right\"><\/i><\/a><\/div><\/div><\/div><!--------------------------------- Cat Area end --------------------------------->\t\t<\/div>\n\t\t\t\t<\/div>\n\t\t\t\t\t<\/div>\n\t\t<\/div>\n\t\t\t\t\t<\/div>\n\t\t<\/section>\n\t\t\t\t\t<\/div>\n\t\t<\/div>\n\t\t\t\t\t<\/div>\n\t\t<\/section>\n\t\t\t\t<\/div>\n\t\t","protected":false},"excerpt":{"rendered":"<p>RECURSOS PARA INSTRUCTORES Y ESTUDIANTES DOCENTES TUTORIALES &nbsp;&nbsp;&nbsp;&nbsp; Tutorial Docente Este Tutorial est\u00e1 dise\u00f1ado para guiar al docente en el&#8230;<\/p>\n","protected":false},"author":1,"featured_media":0,"parent":0,"menu_order":0,"comment_status":"closed","ping_status":"closed","template":"template-builder.php","meta":{"footnotes":""},"class_list":["post-6726","page","type-page","status-publish","hentry"],"_links":{"self":[{"href":"https:\/\/uvirtual.ucaldas.edu.co\/index.php\/wp-json\/wp\/v2\/pages\/6726","targetHints":{"allow":["GET"]}}],"collection":[{"href":"https:\/\/uvirtual.ucaldas.edu.co\/index.php\/wp-json\/wp\/v2\/pages"}],"about":[{"href":"https:\/\/uvirtual.ucaldas.edu.co\/index.php\/wp-json\/wp\/v2\/types\/page"}],"author":[{"embeddable":true,"href":"https:\/\/uvirtual.ucaldas.edu.co\/index.php\/wp-json\/wp\/v2\/users\/1"}],"replies":[{"embeddable":true,"href":"https:\/\/uvirtual.ucaldas.edu.co\/index.php\/wp-json\/wp\/v2\/comments?post=6726"}],"version-history":[{"count":94,"href":"https:\/\/uvirtual.ucaldas.edu.co\/index.php\/wp-json\/wp\/v2\/pages\/6726\/revisions"}],"predecessor-version":[{"id":7486,"href":"https:\/\/uvirtual.ucaldas.edu.co\/index.php\/wp-json\/wp\/v2\/pages\/6726\/revisions\/7486"}],"wp:attachment":[{"href":"https:\/\/uvirtual.ucaldas.edu.co\/index.php\/wp-json\/wp\/v2\/media?parent=6726"}],"curies":[{"name":"wp","href":"https:\/\/api.w.org\/{rel}","templated":true}]}}