{"id":6187,"date":"2024-06-18T11:52:38","date_gmt":"2024-06-18T16:52:38","guid":{"rendered":"https:\/\/uvirtual.ucaldas.edu.co\/?page_id=6187"},"modified":"2025-07-28T10:05:23","modified_gmt":"2025-07-28T15:05:23","slug":"quienes-somos","status":"publish","type":"page","link":"https:\/\/uvirtual.ucaldas.edu.co\/index.php\/quienes-somos\/","title":{"rendered":"\u00bfQui\u00e9nes somos?"},"content":{"rendered":"\t\t<div data-elementor-type=\"wp-page\" data-elementor-id=\"6187\" class=\"elementor elementor-6187\" data-elementor-post-type=\"page\">\n\t\t\t\t\t\t<section class=\"elementor-section elementor-top-section elementor-element elementor-element-e59c926 elementor-section-full_width elementor-section-height-default elementor-section-height-default\" data-id=\"e59c926\" data-element_type=\"section\">\n\t\t\t\t\t\t<div class=\"elementor-container elementor-column-gap-no\">\n\t\t\t\t\t<div class=\"elementor-column elementor-col-100 elementor-top-column elementor-element elementor-element-ffda8f1\" data-id=\"ffda8f1\" data-element_type=\"column\">\n\t\t\t<div class=\"elementor-widget-wrap elementor-element-populated\">\n\t\t\t\t\r\n\r\n\t\t<div class=\"elementor-element elementor-element-2b31606 elementor-widget elementor-widget-edurabanner\" data-id=\"2b31606\" data-element_type=\"widget\" data-widget_type=\"edurabanner.default\">\n\t\t\t\t<div class=\"elementor-widget-container\">\n\t\t\t<div class=\"th-hero-wrapper hero-3\"><div class=\"hero-slider-2 th-carousel\" data-fade=\"true\" data-slide-show=\"1\" data-md-slide-show=\"1\" data-arrows=\"true\"><div class=\"th-hero-slide\"><div class=\"th-hero-bg\" data-bg-src=\"https:\/\/uvirtual.ucaldas.edu.co\/wp-content\/uploads\/2024\/06\/quienessomos1.png\"><\/div><div class=\"th-hero-bg-overlay\" data-bg-src=\"\"><\/div><div class=\"container\"><div class=\"row align-items-center justify-content-center\"><div class=\"col-lg-12\"><div class=\"hero-style3 text-center\"><span class=\"hero-subtitle th-sub text-white\" data-ani=\"slideinup\" data-ani-delay=\"0.1s\"><br><br><br><br>\u00bfQUI\u00c9NES <span class=\"bg-theme\">SOMOS?<\/span><\/span><h1 class=\"hero-title th-title text-white\" data-ani=\"slideinup\" data-ani-delay=\"0.4s\"><br><b>UCaldas Virtual<\/b> es una plataforma de educaci\u00f3n en l\u00ednea que utiliza tecnolog\u00edas digitales<br> para ofrecer programas acad\u00e9micos, fomentando la innovaci\u00f3n y el desarrollo social y pol\u00edtico.<br> Su objetivo es proporcionar acceso a la educaci\u00f3n y herramientas digitales<br> para transformar comunidades y territorios.<br><br>\n<b>Le apostamos a la formaci\u00f3n acad\u00e9mica a trav\u00e9s de diversas dimensiones como:<\/b><\/h1><div class=\"hero-text text-white\" data-ani=\"slideinup\" data-ani-delay=\"0.5s\"><p class=\"th-desc\"><span class=\"word\">Organizacional<\/span>\n<span class=\"word\">Pedag\u00f3gica<\/span>\n<span class=\"word\">Comunicativa<\/span>\n<span class=\"word\">Tecnol\u00f3gica<\/span><\/p><\/div><\/div><\/div><\/div><\/div><\/div><\/div><\/div>\t\t<\/div>\n\t\t\t\t<\/div>\n\t\t\t\t\t<\/div>\n\t\t<\/div>\n\t\t\t\t\t<\/div>\n\t\t<\/section>\n\t\t\t\t<section class=\"elementor-section elementor-top-section elementor-element elementor-element-523fac7 elementor-section-full_width elementor-section-height-default elementor-section-height-default\" data-id=\"523fac7\" data-element_type=\"section\" data-settings=\"{&quot;background_background&quot;:&quot;slideshow&quot;,&quot;background_slideshow_gallery&quot;:[{&quot;id&quot;:6366,&quot;url&quot;:&quot;https:\\\/\\\/uvirtual.ucaldas.edu.co\\\/wp-content\\\/uploads\\\/2024\\\/06\\\/Img_9.png&quot;}],&quot;background_slideshow_loop&quot;:&quot;yes&quot;,&quot;background_slideshow_slide_duration&quot;:5000,&quot;background_slideshow_slide_transition&quot;:&quot;fade&quot;,&quot;background_slideshow_transition_duration&quot;:500}\">\n\t\t\t\t\t\t<div class=\"elementor-container elementor-column-gap-no\">\n\t\t\t\t\t<div class=\"elementor-column elementor-col-100 elementor-top-column elementor-element elementor-element-9e75f40\" data-id=\"9e75f40\" data-element_type=\"column\">\n\t\t\t<div class=\"elementor-widget-wrap elementor-element-populated\">\n\t\t\t\t\t\t<section class=\"elementor-section elementor-inner-section elementor-element elementor-element-e43cde5 elementor-section-boxed elementor-section-height-default elementor-section-height-default\" data-id=\"e43cde5\" data-element_type=\"section\">\n\t\t\t\t\t\t<div class=\"elementor-container elementor-column-gap-no\">\n\t\t\t\t\t<div class=\"elementor-column elementor-col-50 elementor-inner-column elementor-element elementor-element-e8fd652\" data-id=\"e8fd652\" data-element_type=\"column\">\n\t\t\t<div class=\"elementor-widget-wrap elementor-element-populated\">\n\t\t\t\t\t\t<div class=\"elementor-element elementor-element-0576081 elementor-widget elementor-widget-acadugroupimage\" data-id=\"0576081\" data-element_type=\"widget\" data-widget_type=\"acadugroupimage.default\">\n\t\t\t\t<div class=\"elementor-widget-container\">\n\t\t\t<div class=\"img-box10\"><div class=\"img1\"><img decoding=\"async\" src=\"https:\/\/uvirtual.ucaldas.edu.co\/wp-content\/uploads\/2024\/06\/como_in1.png\" alt=\"como_in1\"  \/><\/div><div class=\"img2\"><img decoding=\"async\" src=\"https:\/\/uvirtual.ucaldas.edu.co\/wp-content\/uploads\/2024\/06\/como_in2.png\" alt=\"como_in2\"  \/><\/div><\/div>\t\t<\/div>\n\t\t\t\t<\/div>\n\t\t\t\t\t<\/div>\n\t\t<\/div>\n\t\t\t\t<div class=\"elementor-column elementor-col-50 elementor-inner-column elementor-element elementor-element-641a211\" data-id=\"641a211\" data-element_type=\"column\">\n\t\t\t<div class=\"elementor-widget-wrap elementor-element-populated\">\n\t\t\t\t\t\t<div class=\"elementor-element elementor-element-a1eab98 elementor-widget elementor-widget-acadusectiondescription\" data-id=\"a1eab98\" data-element_type=\"widget\" data-widget_type=\"acadusectiondescription.default\">\n\t\t\t\t<div class=\"elementor-widget-container\">\n\t\t\t<div class=\"sec-desc-area\" ><div class=\"title-area mb-30\" ><h2 class=\"sec-title fw-medium title-selector\">\u00bfC\u00d3MO INICI\u00d3 <br>\n<em style=\"background-color: #8f00fb;color: #fff;font-weight: 500\"> UCALDAS VIRTUAL?<\/em><br>\n<img decoding=\"async\" src=\"https:\/\/uvirtual.ucaldas.edu.co\/wp-content\/uploads\/2024\/06\/como_in3.png\" style=\"width: 22vw\"><\/h2><\/div><p class=\"mb-30 desc-selector\">En los a\u00f1os 2005 a 2019, el Campus Virtual fue el espacio tecnol\u00f3gico que respald\u00f3 la gesti\u00f3n y creaci\u00f3n de aulas virtuales para los cursos de pregrado y posgrado en las diferentes facultades de la Universidad de Caldas.  <br><br> \n\nCon la emergencia sanitaria por la pandemia del COVID-19, la Universidad de Caldas, mediante la resoluci\u00f3n N\u00ba 00385 de 16 de marzo de 2020, implement\u00f3 el trabajo en casa para todos los servidores p\u00fablicos. Debido a esta situaci\u00f3n, la Vicerrector\u00eda Acad\u00e9mica convoc\u00f3 a los decanos(as) de las seis facultades, jefes de oficinas y al equipo operativo del Campus Virtual a apoyar con las mediaciones TIC de las actividades de docencia de la instituci\u00f3n.  <br><br> \n\nAs\u00ed fue como se identific\u00f3 la importancia de estructurar una pol\u00edtica para la educaci\u00f3n virtual en la Universidad de Caldas que permitiera unir esfuerzos y generar un espacio como UCaldas Virtual<\/p><\/div>\t\t<\/div>\n\t\t\t\t<\/div>\n\t\t\t\t\t<\/div>\n\t\t<\/div>\n\t\t\t\t\t<\/div>\n\t\t<\/section>\n\t\t\t\t\t<\/div>\n\t\t<\/div>\n\t\t\t\t\t<\/div>\n\t\t<\/section>\n\t\t\t\t<section class=\"elementor-section elementor-top-section elementor-element elementor-element-579d1f9 elementor-section-full_width elementor-section-height-default elementor-section-height-default\" data-id=\"579d1f9\" data-element_type=\"section\">\n\t\t\t\t\t\t<div class=\"elementor-container elementor-column-gap-no\">\n\t\t\t\t\t<div class=\"elementor-column elementor-col-100 elementor-top-column elementor-element elementor-element-4fb3516\" data-id=\"4fb3516\" data-element_type=\"column\">\n\t\t\t<div class=\"elementor-widget-wrap elementor-element-populated\">\n\t\t\t\t\t\t<div class=\"elementor-element elementor-element-88cdd12 elementor-widget elementor-widget-eduracta\" data-id=\"88cdd12\" data-element_type=\"widget\" data-widget_type=\"eduracta.default\">\n\t\t\t\t<div class=\"elementor-widget-container\">\n\t\t\t<div class=\"cta-area-1\" data-bg-src=\"https:\/\/uvirtual.ucaldas.edu.co\/wp-content\/uploads\/2024\/06\/sabias1.png\"><div class=\"container\"><div class=\"row align-items-center justify-content-between\"><div class=\"col-lg-8\"><div class=\"cta-wrap title-area mb-0\"><div class=\"cta-icon\"><img decoding=\"async\" src=\"https:\/\/uvirtual.ucaldas.edu.co\/wp-content\/uploads\/2024\/06\/Img_10-1.png\" alt=\"icon\"><\/div><div class=\"cta-content\"><h2 class=\"cta-title th-title sec-title\">SAB\u00cdAS QUE<\/h2><p class=\"cta-text th-desc\">En el a\u00f1o 2021, con el Acuerdo N\u00ba 047 del 26 de octubre, se aprob\u00f3 la Pol\u00edtica de Educaci\u00f3n Virtual Marco Tulio Jaramillo Salazar.\u201d<\/p><\/div><a class=\"th-btn th_btn style8\">Con\u00f3cela aqu\u00ed<i class=\"fa-regular fa-arrow-right ms-1\"><\/i><\/a><\/div><\/div><\/div><\/div><\/div>\t\t<\/div>\n\t\t\t\t<\/div>\n\t\t\t\t\t<\/div>\n\t\t<\/div>\n\t\t\t\t\t<\/div>\n\t\t<\/section>\n\t\t\t\t<section class=\"elementor-section elementor-top-section elementor-element elementor-element-3cc1c24 elementor-section-full_width elementor-section-height-default elementor-section-height-default\" data-id=\"3cc1c24\" data-element_type=\"section\">\n\t\t\t\t\t\t<div class=\"elementor-container elementor-column-gap-no\">\n\t\t\t\t\t<div class=\"elementor-column elementor-col-100 elementor-top-column elementor-element elementor-element-c2adf09\" data-id=\"c2adf09\" data-element_type=\"column\">\n\t\t\t<div class=\"elementor-widget-wrap elementor-element-populated\">\n\t\t\t\t\t\t<section class=\"elementor-section elementor-inner-section elementor-element elementor-element-3c491b8 elementor-section-boxed elementor-section-height-default elementor-section-height-default\" data-id=\"3c491b8\" data-element_type=\"section\">\n\t\t\t\t\t\t<div class=\"elementor-container elementor-column-gap-no\">\n\t\t\t\t\t<div class=\"elementor-column elementor-col-100 elementor-inner-column elementor-element elementor-element-20ce6bb\" data-id=\"20ce6bb\" data-element_type=\"column\">\n\t\t\t<div class=\"elementor-widget-wrap elementor-element-populated\">\n\t\t\t\t\t\t<div class=\"elementor-element elementor-element-2e65066 elementor-widget elementor-widget-acadusectiontitle\" data-id=\"2e65066\" data-element_type=\"widget\" data-widget_type=\"acadusectiontitle.default\">\n\t\t\t\t<div class=\"elementor-widget-container\">\n\t\t\t<div class=\"title-area\" ><h2 class=\"sec-title title-selector\">\u00bfQU\u00c9 HACEMOS Y <br><span class=\"text-theme fw-light\"><span style=\"background-color: #8f00fb;padding: 5px\">C\u00d3MO LO HACEMOS ?<\/span><\/span><\/h2><\/div>\t\t<\/div>\n\t\t\t\t<\/div>\n\t\t\t\t\t<\/div>\n\t\t<\/div>\n\t\t\t\t\t<\/div>\n\t\t<\/section>\n\t\t\t\t\t<\/div>\n\t\t<\/div>\n\t\t\t\t\t<\/div>\n\t\t<\/section>\n\t\t\t\t<section class=\"elementor-section elementor-top-section elementor-element elementor-element-381b7c0 elementor-section-boxed elementor-section-height-default elementor-section-height-default\" data-id=\"381b7c0\" data-element_type=\"section\" data-settings=\"{&quot;background_background&quot;:&quot;classic&quot;}\">\n\t\t\t\t\t\t<div class=\"elementor-container elementor-column-gap-no\">\n\t\t\t\t\t<div class=\"elementor-column elementor-col-100 elementor-top-column elementor-element elementor-element-d3ee9a1\" data-id=\"d3ee9a1\" data-element_type=\"column\" data-settings=\"{&quot;background_background&quot;:&quot;classic&quot;}\">\n\t\t\t<div class=\"elementor-widget-wrap elementor-element-populated\">\n\t\t\t\t\t\t<section class=\"elementor-section elementor-inner-section elementor-element elementor-element-1b33afe elementor-section-boxed elementor-section-height-default elementor-section-height-default\" data-id=\"1b33afe\" data-element_type=\"section\" data-settings=\"{&quot;background_background&quot;:&quot;classic&quot;}\">\n\t\t\t\t\t\t<div class=\"elementor-container elementor-column-gap-no\">\n\t\t\t\t\t<div class=\"elementor-column elementor-col-100 elementor-inner-column elementor-element elementor-element-60ba855\" data-id=\"60ba855\" data-element_type=\"column\">\n\t\t\t<div class=\"elementor-widget-wrap elementor-element-populated\">\n\t\t\t\t\t\t<div class=\"elementor-element elementor-element-5de2b44 elementor-widget elementor-widget-acaducourseinfo\" data-id=\"5de2b44\" data-element_type=\"widget\" data-widget_type=\"acaducourseinfo.default\">\n\t\t\t\t<div class=\"elementor-widget-container\">\n\t\t\t<div class=\"course-grid2\"><div class=\"course-img\"><img decoding=\"async\" src=\"https:\/\/uvirtual.ucaldas.edu.co\/wp-content\/uploads\/2024\/06\/Img_13.png\" alt=\"Img_13\"  \/><\/div><div class=\"course-content\"><h3 class=\"course-title\">EN UCALDAS VIRTUAL...\n<\/h3>queremos brindar un apoyo certero y constante a los diversos actores de la educaci\u00f3n virtual al interior de la Universidad de Caldas.<div class=\"course-meta\"><\/div><\/div><\/div><div class=\"course-grid2\"><div class=\"course-img\"><img decoding=\"async\" src=\"https:\/\/uvirtual.ucaldas.edu.co\/wp-content\/uploads\/2024\/06\/Img_15.png\" alt=\"Img_15\"  \/><\/div><div class=\"course-content\"><h3 class=\"course-title\">APOYAMOS...\n<\/h3>a los docentes para crear y modificar un programa acad\u00e9mico o plan institucional con mediaci\u00f3n TIC o virtual.<div class=\"course-meta\"><\/div><\/div><\/div><div class=\"course-grid2\"><div class=\"course-img\"><img decoding=\"async\" src=\"https:\/\/uvirtual.ucaldas.edu.co\/wp-content\/uploads\/2024\/06\/Img_17.png\" alt=\"Img_17\"  \/><\/div><div class=\"course-content\"><h3 class=\"course-title\">LE APOSTAMOS...\n<\/h3>a la proyecci\u00f3n universitaria mediante la creaci\u00f3n y\/o modificaci\u00f3n de proyectos o servicios de extensi\u00f3n con mediaci\u00f3n TIC o virtual.<div class=\"course-meta\"><\/div><\/div><\/div>\t\t<\/div>\n\t\t\t\t<\/div>\n\t\t\t\t\t<\/div>\n\t\t<\/div>\n\t\t\t\t\t<\/div>\n\t\t<\/section>\n\t\t\t\t\t<\/div>\n\t\t<\/div>\n\t\t\t\t\t<\/div>\n\t\t<\/section>\n\t\t\t\t<section class=\"elementor-section elementor-top-section elementor-element elementor-element-7fef451 elementor-section-full_width elementor-section-height-default elementor-section-height-default\" data-id=\"7fef451\" data-element_type=\"section\" data-settings=\"{&quot;background_background&quot;:&quot;slideshow&quot;,&quot;background_slideshow_gallery&quot;:[],&quot;background_slideshow_loop&quot;:&quot;yes&quot;,&quot;background_slideshow_slide_duration&quot;:5000,&quot;background_slideshow_slide_transition&quot;:&quot;fade&quot;,&quot;background_slideshow_transition_duration&quot;:500}\">\n\t\t\t\t\t\t<div class=\"elementor-container elementor-column-gap-no\">\n\t\t\t\t\t<div class=\"elementor-column elementor-col-100 elementor-top-column elementor-element elementor-element-05ba7e0\" data-id=\"05ba7e0\" data-element_type=\"column\">\n\t\t\t<div class=\"elementor-widget-wrap elementor-element-populated\">\n\t\t\t\t\t\t<section class=\"elementor-section elementor-inner-section elementor-element elementor-element-f0ee051 elementor-section-boxed elementor-section-height-default elementor-section-height-default\" data-id=\"f0ee051\" data-element_type=\"section\">\n\t\t\t\t\t\t<div class=\"elementor-container elementor-column-gap-no\">\n\t\t\t\t\t<div class=\"elementor-column elementor-col-50 elementor-inner-column elementor-element elementor-element-249d943\" data-id=\"249d943\" data-element_type=\"column\">\n\t\t\t<div class=\"elementor-widget-wrap elementor-element-populated\">\n\t\t\t\t\t\t<div class=\"elementor-element elementor-element-546f083 elementor-widget elementor-widget-acadusectiondescription\" data-id=\"546f083\" data-element_type=\"widget\" data-widget_type=\"acadusectiondescription.default\">\n\t\t\t\t<div class=\"elementor-widget-container\">\n\t\t\t<div class=\"sec-desc-area\" ><div class=\"title-area mb-30\" ><h2 class=\"sec-title fw-medium title-selector\">LO QUE NOS <br>\n<em style=\"background-color: #8f00fb;color: #fff;font-weight: 500\">&nbsp;&nbsp;&nbsp;&nbsp;&nbsp;&nbsp;&nbsp;&nbsp;&nbsp;MUEVE&nbsp;<\/em><br>\n<img decoding=\"async\" src=\"https:\/\/uvirtual.ucaldas.edu.co\/wp-content\/uploads\/2024\/06\/como_in3.png\" style=\"width: 22vw\"><\/h2><\/div><p class=\"mb-30 desc-selector\">La <b>educaci\u00f3n virtual<\/b> o <b>educaci\u00f3n en l\u00ednea<\/b> se refiere al desarrollo de programas de formaci\u00f3n que tienen como escenario de ense\u00f1anza y aprendizaje en el ciberespacio y que implica una nueva visi\u00f3n de las exigencias del entorno econ\u00f3mico, social y pol\u00edtico, as\u00ed como de los procesos de ense\u00f1anza-aprendizaje mediados por las TIC. <br><br>  \n\n \n\nNuestro prop\u00f3sito es desarrollar programas acad\u00e9micos y actividades de educaci\u00f3n virtual en la Universidad de Caldas.<\/p><\/div>\t\t<\/div>\n\t\t\t\t<\/div>\n\t\t\t\t\t<\/div>\n\t\t<\/div>\n\t\t\t\t<div class=\"elementor-column elementor-col-50 elementor-inner-column elementor-element elementor-element-56f9e14\" data-id=\"56f9e14\" data-element_type=\"column\">\n\t\t\t<div class=\"elementor-widget-wrap elementor-element-populated\">\n\t\t\t\t\t\t<div class=\"elementor-element elementor-element-6cae3b9 elementor-widget elementor-widget-acadugroupimage\" data-id=\"6cae3b9\" data-element_type=\"widget\" data-widget_type=\"acadugroupimage.default\">\n\t\t\t\t<div class=\"elementor-widget-container\">\n\t\t\t<div class=\"img-box9\"><div class=\"img-group\"><div class=\"img2\"><img decoding=\"async\" src=\"https:\/\/uvirtual.ucaldas.edu.co\/wp-content\/uploads\/2024\/06\/Img_20.png\" alt=\"Img_20\"  \/><\/div><\/div><\/div>\t\t<\/div>\n\t\t\t\t<\/div>\n\t\t\t\t\t<\/div>\n\t\t<\/div>\n\t\t\t\t\t<\/div>\n\t\t<\/section>\n\t\t\t\t\t<\/div>\n\t\t<\/div>\n\t\t\t\t\t<\/div>\n\t\t<\/section>\n\t\t\t\t<section class=\"elementor-section elementor-top-section elementor-element elementor-element-5a8fb4d elementor-section-full_width elementor-section-height-default elementor-section-height-default\" data-id=\"5a8fb4d\" data-element_type=\"section\" data-settings=\"{&quot;background_background&quot;:&quot;classic&quot;}\">\n\t\t\t\t\t\t<div class=\"elementor-container elementor-column-gap-no\">\n\t\t\t\t\t<section class=\"elementor-column elementor-col-100 elementor-top-column elementor-element elementor-element-b06fbc5\" data-id=\"b06fbc5\" data-element_type=\"column\" data-settings=\"{&quot;background_background&quot;:&quot;slideshow&quot;,&quot;background_slideshow_gallery&quot;:[{&quot;id&quot;:6480,&quot;url&quot;:&quot;https:\\\/\\\/uvirtual.ucaldas.edu.co\\\/wp-content\\\/uploads\\\/2024\\\/06\\\/queremos1.png&quot;}],&quot;background_slideshow_slide_duration&quot;:5000,&quot;background_slideshow_slide_transition&quot;:&quot;fade&quot;,&quot;background_slideshow_transition_duration&quot;:500}\">\n\t\t\t<div class=\"elementor-widget-wrap elementor-element-populated\">\n\t\t\t\t\t\t<section class=\"elementor-section elementor-inner-section elementor-element elementor-element-a20c6e9 elementor-section-boxed elementor-section-height-default elementor-section-height-default\" data-id=\"a20c6e9\" data-element_type=\"section\">\n\t\t\t\t\t\t<div class=\"elementor-container elementor-column-gap-no\">\n\t\t\t\t\t<div class=\"elementor-column elementor-col-100 elementor-inner-column elementor-element elementor-element-95cbe50\" data-id=\"95cbe50\" data-element_type=\"column\">\n\t\t\t<div class=\"elementor-widget-wrap elementor-element-populated\">\n\t\t\t\t\t\t<div class=\"elementor-element elementor-element-87d6176 elementor-widget elementor-widget-acadusectiondescription\" data-id=\"87d6176\" data-element_type=\"widget\" data-widget_type=\"acadusectiondescription.default\">\n\t\t\t\t<div class=\"elementor-widget-container\">\n\t\t\t<div class=\"sec-desc-area\" ><div class=\"mb-35 mb-xl-5\" ><h2 class=\"h1 title-selector\">QUEREMOS<\/h2><\/div><\/div>\t\t<\/div>\n\t\t\t\t<\/div>\n\t\t\t\t\t<\/div>\n\t\t<\/div>\n\t\t\t\t\t<\/div>\n\t\t<\/section>\n\t\t\t\t<section class=\"elementor-section elementor-inner-section elementor-element elementor-element-3a52105 elementor-section-boxed elementor-section-height-default elementor-section-height-default\" data-id=\"3a52105\" data-element_type=\"section\">\n\t\t\t\t\t\t<div class=\"elementor-container elementor-column-gap-no\">\n\t\t\t\t\t<div class=\"elementor-column elementor-col-100 elementor-inner-column elementor-element elementor-element-d26108d\" data-id=\"d26108d\" data-element_type=\"column\">\n\t\t\t<div class=\"elementor-widget-wrap elementor-element-populated\">\n\t\t\t\t\t\t<div class=\"elementor-element elementor-element-620bdf1 elementor-widget elementor-widget-acadutestimonialslider\" data-id=\"620bdf1\" data-element_type=\"widget\" data-widget_type=\"acadutestimonialslider.default\">\n\t\t\t\t<div class=\"elementor-widget-container\">\n\t\t\t<!-----------------------Start Testimonials Area-----------------------><div class=\"row gx-40 dot-style2\" id=\"testiSlide1\"><div class=\"col-lg-6\"><div class=\"testi-grid  \"><p class=\"testi-grid_text\">Contribuir con la misi\u00f3n institucional a trav\u00e9s del fortalecimiento de los procesos curriculares mediados por las tecnolog\u00edas de la informaci\u00f3n y las comunicaciones.<br><\/p><div class=\"testi-grid_bottom\"><div class=\"testi-grid_author\"> <div><\/div><\/div><div class=\"testi-grid_review\"><i class=\"fa-solid fa-star-sharp\"><\/i><i class=\"fa-solid fa-star-sharp\"><\/i><i class=\"fa-solid fa-star-sharp\"><\/i><i class=\"fa-solid fa-star-sharp\"><\/i><i class=\"fa-solid fa-star-sharp\"><\/i><\/div><\/div><\/div><\/div><div class=\"col-lg-6\"><div class=\"testi-grid  \"><p class=\"testi-grid_text\">Optimizar las condiciones de calidad de los procesos de ense\u00f1anza-aprendizaje y de la oferta curricular de la Universidad de Caldas en los distintos niveles y modalidades de formaci\u00f3n.<\/p><div class=\"testi-grid_bottom\"><div class=\"testi-grid_author\"> <div><\/div><\/div><div class=\"testi-grid_review\"><i class=\"fa-solid fa-star-sharp\"><\/i><i class=\"fa-solid fa-star-sharp\"><\/i><i class=\"fa-solid fa-star-sharp\"><\/i><i class=\"fa-solid fa-star-sharp\"><\/i><i class=\"fa-solid fa-star-sharp\"><\/i><\/div><\/div><\/div><\/div><div class=\"col-lg-6\"><div class=\"testi-grid  \"><p class=\"testi-grid_text\">Crear las condiciones para la ampliaci\u00f3n de la oferta de programas virtuales en consonancia con la estrategia de regionalizaci\u00f3n de la instituci\u00f3n.<\/p><div class=\"testi-grid_bottom\"><div class=\"testi-grid_author\"> <div><\/div><\/div><div class=\"testi-grid_review\"><i class=\"fa-solid fa-star-sharp\"><\/i><i class=\"fa-solid fa-star-sharp\"><\/i><i class=\"fa-solid fa-star-sharp\"><\/i><i class=\"fa-solid fa-star-sharp\"><\/i><i class=\"fa-solid fa-star-sharp\"><\/i><\/div><\/div><\/div><\/div><\/div><!-----------------------End Testimonials Area----------------------->\t\t<\/div>\n\t\t\t\t<\/div>\n\t\t\t\t\t<\/div>\n\t\t<\/div>\n\t\t\t\t\t<\/div>\n\t\t<\/section>\n\t\t\t\t\t<\/div>\n\t\t<\/section>\n\t\t\t\t\t<\/div>\n\t\t<\/section>\n\t\t\t\t<section class=\"elementor-section elementor-top-section elementor-element elementor-element-b2ba449 elementor-section-full_width elementor-section-height-default elementor-section-height-default\" data-id=\"b2ba449\" data-element_type=\"section\" data-settings=\"{&quot;background_background&quot;:&quot;slideshow&quot;,&quot;background_slideshow_gallery&quot;:[{&quot;id&quot;:6513,&quot;url&quot;:&quot;https:\\\/\\\/uvirtual.ucaldas.edu.co\\\/wp-content\\\/uploads\\\/2024\\\/06\\\/Conocenos_f.png&quot;}],&quot;background_slideshow_loop&quot;:&quot;yes&quot;,&quot;background_slideshow_slide_duration&quot;:5000,&quot;background_slideshow_slide_transition&quot;:&quot;fade&quot;,&quot;background_slideshow_transition_duration&quot;:500}\">\n\t\t\t\t\t\t<div class=\"elementor-container elementor-column-gap-no\">\n\t\t\t\t\t<div class=\"elementor-column elementor-col-100 elementor-top-column elementor-element elementor-element-99fb456\" data-id=\"99fb456\" data-element_type=\"column\">\n\t\t\t<div class=\"elementor-widget-wrap\">\n\t\t\t\t\t\t\t<\/div>\n\t\t<\/div>\n\t\t\t\t\t<\/div>\n\t\t<\/section>\n\t\t\t\t<\/div>\n\t\t","protected":false},"excerpt":{"rendered":"<p>\u00bfQUI\u00c9NES SOMOS? UCaldas Virtual es una plataforma de educaci\u00f3n en l\u00ednea que utiliza tecnolog\u00edas digitales para ofrecer programas acad\u00e9micos, fomentando&#8230;<\/p>\n","protected":false},"author":1,"featured_media":0,"parent":0,"menu_order":0,"comment_status":"closed","ping_status":"closed","template":"template-builder.php","meta":{"footnotes":""},"class_list":["post-6187","page","type-page","status-publish","hentry"],"_links":{"self":[{"href":"https:\/\/uvirtual.ucaldas.edu.co\/index.php\/wp-json\/wp\/v2\/pages\/6187","targetHints":{"allow":["GET"]}}],"collection":[{"href":"https:\/\/uvirtual.ucaldas.edu.co\/index.php\/wp-json\/wp\/v2\/pages"}],"about":[{"href":"https:\/\/uvirtual.ucaldas.edu.co\/index.php\/wp-json\/wp\/v2\/types\/page"}],"author":[{"embeddable":true,"href":"https:\/\/uvirtual.ucaldas.edu.co\/index.php\/wp-json\/wp\/v2\/users\/1"}],"replies":[{"embeddable":true,"href":"https:\/\/uvirtual.ucaldas.edu.co\/index.php\/wp-json\/wp\/v2\/comments?post=6187"}],"version-history":[{"count":340,"href":"https:\/\/uvirtual.ucaldas.edu.co\/index.php\/wp-json\/wp\/v2\/pages\/6187\/revisions"}],"predecessor-version":[{"id":7303,"href":"https:\/\/uvirtual.ucaldas.edu.co\/index.php\/wp-json\/wp\/v2\/pages\/6187\/revisions\/7303"}],"wp:attachment":[{"href":"https:\/\/uvirtual.ucaldas.edu.co\/index.php\/wp-json\/wp\/v2\/media?parent=6187"}],"curies":[{"name":"wp","href":"https:\/\/api.w.org\/{rel}","templated":true}]}}